{"id":842,"date":"2022-10-25T09:46:00","date_gmt":"2022-10-25T07:46:00","guid":{"rendered":"https:\/\/fivmagazine.de\/jobs\/?page_id=842"},"modified":"2022-10-25T10:50:03","modified_gmt":"2022-10-25T08:50:03","slug":"ueber-uns","status":"publish","type":"page","link":"https:\/\/fivmagazine.de\/jobs\/ueber-uns\/","title":{"rendered":"\u00dcber uns"},"content":{"rendered":"\n<style type=\"text\/css\" data-created_by=\"avia_inline_auto\" id=\"style-css-av-2r8eq-e0b83953613617eaad3f909116671b74\">\n.avia-section.av-2r8eq-e0b83953613617eaad3f909116671b74 .av-section-color-overlay{\nopacity:0.8;\nbackground-color:#69b3e5;\n}\n#top .avia-section.av-2r8eq-e0b83953613617eaad3f909116671b74 .scroll-down-link{\ncolor:#ffffff;\n}\n<\/style>\n<div id='av_section_1'  class='avia-section av-2r8eq-e0b83953613617eaad3f909116671b74 main_color avia-section-default avia-no-border-styling  avia-builder-el-0  el_before_av_section  avia-builder-el-first  avia-bg-style-scroll av-section-color-overlay-active av-minimum-height av-minimum-height-25  av-section-with-video-bg container_wrap fullsize'   data-av_minimum_height_pc='25' data-section-video-ratio='16:9'><div  class='avia-slideshow av_slideshow_obj-1-69f646f07b6a2 avia-slideshow-featured av_slideshow avia-slide-slider  av-section-video-bg avia-slideshow-1'  data-size='featured'  data-lightbox_size='large'  data-animation='slide'  data-conditional_play=''  data-ids=''  data-video_counter='1'  data-autoplay='false'  data-bg_slider='false'  data-slide_height=''  data-handle='av_slideshow'  data-interval='5'  data-class=''  data-extra_class=' av-section-video-bg'  data-el_id=''  data-css_id=''  data-scroll_down=''  data-control_layout=''  data-custom_markup=''  data-perma_caption=''  data-autoplay_stopper=''  data-image_attachment=''  data-min_height='0px'  data-lazy_loading='disabled'  data-default-height=''  data-img_scrset=''  data-av-desktop-hide=''  data-av-medium-hide=''  data-av-small-hide=''  data-av-mini-hide=''  data-alb_description=''  data-id=''  data-custom_class=''  data-template_class=''  data-av_uid=''  data-sc_version='1.0'  data-heading_tag=''  data-heading_class=''   itemprop=\"image\" itemscope=\"itemscope\" itemtype=\"https:\/\/schema.org\/ImageObject\" ><ul class='avia-slideshow-inner ' ><li  data-controls='disabled' data-mute='aviaTBaviaTBvideo_mute' data-loop='1' data-disable-autoplay=''  data-video-ratio='1.77777777778' class='avia-slideshow-slide av_slideshow_obj-1-69f646f07b6a2__0  av-video-slide  av-video-service-youtube  av-hide-video-controls av-mute-video av-loop-video  av-single-slide slide-1 ' ><div data-rel='slideshow-1' class='avia-slide-wrap '   ><div class='av-click-overlay'><\/div><div class='mejs-mediaelement'  itemprop=\"video\" itemtype=\"https:\/\/schema.org\/VideoObject\" ><div height='1600' width='900' class='av_youtube_frame' id='player_842_1658135271_487194705'  data-autoplay='0'  data-videoid='eGChOUgnpis'  data-hd='1'  data-rel='0'  data-wmode='opaque'  data-loop='0'  data-version='3'  data-autohide='1'  data-color='white'  data-controls='0'  data-iv_load_policy='3'  data-original_url='https:\/\/www.youtube.com\/watch?v=eGChOUgnpis' ><\/div><\/div><div class=\"av-click-to-play-overlay\"><div class=\"avia_playpause_icon\"><\/div><\/div><\/div><\/li><\/ul><\/div><div class=\"av-section-color-overlay-wrap\"><div class=\"av-section-color-overlay\"><\/div><a href='#next-section' title='' class='scroll-down-link av-custom-scroll-down-color' aria-hidden='true' data-av_icon='\ue877' data-av_iconfont='entypo-fontello'><\/a><div class='container av-section-cont-open' ><main  role=\"main\" itemprop=\"mainContentOfPage\"  class='template-page content  av-content-full alpha units'><div class='post-entry post-entry-type-page post-entry-842'><div class='entry-content-wrapper clearfix'>\n\n<style type=\"text\/css\" data-created_by=\"avia_inline_auto\" id=\"style-css-av-l9xya-a9926c1185ac7fe42178439f5f650ff6\">\n#top .av_textblock_section.av-l9xya-a9926c1185ac7fe42178439f5f650ff6 .avia_textblock{\ncolor:#ffffff;\n}\n<\/style>\n<section  class='av_textblock_section av-l9xya-a9926c1185ac7fe42178439f5f650ff6'  itemscope=\"itemscope\" itemtype=\"https:\/\/schema.org\/CreativeWork\" ><div class='avia_textblock av_inherit_color'  itemprop=\"text\" ><p class=\"text-teaser-white\" style=\"text-align: center;\">FIV Jobb\u00f6rse<\/p>\n<\/div><\/section>\n\n<\/div><\/div><\/main><!-- close content main element --><\/div><\/div><\/div><div id='av_section_2'  class='avia-section av-dtykq-d0bf158e4b53c9fa809bd64f0012a89d main_color avia-section-default avia-no-border-styling  avia-builder-el-2  el_after_av_section  el_before_av_section  avia-bg-style-scroll container_wrap fullsize'  ><div class='container av-section-cont-open' ><div class='template-page content  av-content-full alpha units'><div class='post-entry post-entry-type-page post-entry-842'><div class='entry-content-wrapper clearfix'>\n<section  class='av_textblock_section av-a9ici-bc95a7c624b406f8c4c39f8e1d15e75d'  itemscope=\"itemscope\" itemtype=\"https:\/\/schema.org\/CreativeWork\" ><div class='avia_textblock'  itemprop=\"text\" ><h1 style=\"text-align: left;\">FIV: \u00dcber Uns<\/h1>\n<p style=\"text-align: left;\"><a href=\"\/\">FIV<\/a> wurde im Jahr 2017 als Magazin f\u00fcr Medien, Mode und Immobilien gegr\u00fcndet. Seit der Gr\u00fcndung haben wir uns vor allem mit der Materie Medien, Mode, Immobilien besch\u00e4ftigt. Mit zahlreichen Interviews, Experteninterviews, dazu viele Artikel und Ratgeber aus unserer Redaktion mit Tipps, Anleitungen und Tools.<\/p>\n<p style=\"text-align: left;\">Nach und nach konnten wir so immer mehr Leser gewinnen, von den ersten 10.000, \u00fcber die ersten 100.000, bis derzeit bald 1 Million im Jahr. Dazu kommen aktuell noch \u00fcber 25 Ausgaben, die fr\u00fcher noch gedruckt verteilt wurden, mittlerweile nur noch online verf\u00fcgbar sind, der Umwelt zuliebe! Unser Magazin machen wir mit Liebe, genauso wie jedes Fotoshooting f\u00fcr neue <a href=\"\/print\">Cover<\/a>.<\/p>\n<h2 style=\"text-align: left;\">Jobportal: Qualit\u00e4t<\/h2>\n<p style=\"text-align: left;\">Unser Inhaber und Chefredakteur Stephan Czaja legt gro\u00dfen Wert auf Qualit\u00e4t. Als Seriengr\u00fcnder hat er schon ein paar Nischenmarken in deren Branchen zur Bekanntheit gebracht. Die Expertise auf der Arbeitgeberseite, die Reichweite durch unser Magazin, die Liebe zur Arbeit, verbinden wir in diesem Jobportal!<\/p>\n<p style=\"text-align: left;\">Unser Ziel ist es Arbeitgeber zu listen, bei denen du als Mitarbeiter gern arbeitest! Gutes Team, gutes Arbeitsklima, faire Bezahlung. Genau so sollte ein guter Job sein!<\/p>\n<h2 style=\"text-align: left;\">Kostenlos: F\u00fcr Dich<\/h2>\n<p style=\"text-align: left;\">Deshalb ist unser Jobportal kostenlos, f\u00fcr Arbeitgeber und f\u00fcr Arbeitnehmer. Arbeitgeber k\u00f6nnen sogar bis zu 5 Jobs kostenlos ver\u00f6ffentlichen. So k\u00f6nnen wir auch kleinen Unternehmen und Startups helfen, gute Mitarbeiter zu finden, kostenfrei. Als Bewerber kannst du dich ebenso kostenlos auf die Stellenanzeigen der verschiedenen Arbeitgeber bewerben.<\/p>\n<h3 style=\"text-align: left;\">Kontakt<\/h3>\n<p>Solltest du Fragen haben, nimm jederzeit gern Kontakt mit uns auf. Unser Team ist f\u00fcr dich da!<\/p>\n<ul>\n<li style=\"text-align: left;\"><a href=\"mailto:jobs@fivmagazine.com\">jobs@fivmagazine.com<\/a><\/li>\n<\/ul>\n<\/div><\/section>\n<\/div><\/div><\/div><!-- close content main div --><\/div><\/div>\n<style type=\"text\/css\" data-created_by=\"avia_inline_auto\" id=\"style-css-av-l9nxilyl-a236077bc8cfd45bed704ac6875c494c\">\n.avia-section.av-l9nxilyl-a236077bc8cfd45bed704ac6875c494c .av-section-color-overlay{\nopacity:0.8;\nbackground-color:#69b3e5;\n}\n<\/style>\n<div id='av_section_3'  class='avia-section av-l9nxilyl-a236077bc8cfd45bed704ac6875c494c main_color avia-section-default avia-no-border-styling  avia-builder-el-4  el_after_av_section  el_before_av_buttonrow  avia-bg-style-scroll av-section-color-overlay-active av-minimum-height av-minimum-height-25  av-section-with-video-bg container_wrap fullsize'   data-av_minimum_height_pc='25' data-section-video-ratio='16:9'><div  class='avia-slideshow av_slideshow_obj-2-69f646f07bb4f avia-slideshow-featured av_slideshow avia-slide-slider  av-section-video-bg avia-slideshow-2'  data-size='featured'  data-lightbox_size='large'  data-animation='slide'  data-conditional_play=''  data-ids=''  data-video_counter='1'  data-autoplay='false'  data-bg_slider='false'  data-slide_height=''  data-handle='av_slideshow'  data-interval='5'  data-class=''  data-extra_class=' av-section-video-bg'  data-el_id=''  data-css_id=''  data-scroll_down=''  data-control_layout=''  data-custom_markup=''  data-perma_caption=''  data-autoplay_stopper=''  data-image_attachment=''  data-min_height='0px'  data-lazy_loading='disabled'  data-default-height=''  data-img_scrset=''  data-av-desktop-hide=''  data-av-medium-hide=''  data-av-small-hide=''  data-av-mini-hide=''  data-alb_description=''  data-id=''  data-custom_class=''  data-template_class=''  data-av_uid=''  data-sc_version='1.0'  data-heading_tag=''  data-heading_class=''   itemprop=\"image\" itemscope=\"itemscope\" itemtype=\"https:\/\/schema.org\/ImageObject\" ><ul class='avia-slideshow-inner ' ><li  data-controls='disabled' data-mute='aviaTBaviaTBvideo_mute' data-loop='1' data-disable-autoplay=''  data-video-ratio='1.77777777778' class='avia-slideshow-slide av_slideshow_obj-2-69f646f07bb4f__0  av-video-slide  av-video-service-youtube  av-hide-video-controls av-mute-video av-loop-video  av-single-slide slide-1 ' ><div data-rel='slideshow-2' class='avia-slide-wrap '   ><div class='av-click-overlay'><\/div><div class='mejs-mediaelement'  itemprop=\"video\" itemtype=\"https:\/\/schema.org\/VideoObject\" ><div height='1600' width='900' class='av_youtube_frame' id='player_842_206681982_2081737510'  data-autoplay='0'  data-videoid='eGChOUgnpis'  data-hd='1'  data-rel='0'  data-wmode='opaque'  data-loop='0'  data-version='3'  data-autohide='1'  data-color='white'  data-controls='0'  data-iv_load_policy='3'  data-original_url='https:\/\/www.youtube.com\/watch?v=eGChOUgnpis' ><\/div><\/div><div class=\"av-click-to-play-overlay\"><div class=\"avia_playpause_icon\"><\/div><\/div><\/div><\/li><\/ul><\/div><div class=\"av-section-color-overlay-wrap\"><div class=\"av-section-color-overlay\"><\/div><div class='container av-section-cont-open' ><div class='template-page content  av-content-full alpha units'><div class='post-entry post-entry-type-page post-entry-842'><div class='entry-content-wrapper clearfix'>\n\n<style type=\"text\/css\" data-created_by=\"avia_inline_auto\" id=\"style-css-av-l9nxibpd-e1856bfb13d8ecc20ec855ffbc0b45f7\">\n#top .av_textblock_section.av-l9nxibpd-e1856bfb13d8ecc20ec855ffbc0b45f7 .avia_textblock{\ncolor:#ffffff;\n}\n<\/style>\n<section  class='av_textblock_section av-l9nxibpd-e1856bfb13d8ecc20ec855ffbc0b45f7'  itemscope=\"itemscope\" itemtype=\"https:\/\/schema.org\/CreativeWork\" ><div class='avia_textblock av_inherit_color'  itemprop=\"text\" ><p class=\"text-teaser-white\" style=\"text-align: center;\">FIV Jobb\u00f6rse<\/p>\n<\/div><\/section>\n<\/div><\/div><\/div><!-- close content main div --><\/div><\/div><\/div><div id='after_section_3'  class='main_color av_default_container_wrap container_wrap fullsize'  ><div class='container av-section-cont-open' ><div class='template-page content  av-content-full alpha units'><div class='post-entry post-entry-type-page post-entry-842'><div class='entry-content-wrapper clearfix'><\/p>\n<div  class='avia-buttonrow-wrap av-2h7aq-18e7cc57a3c2f28edbc1e7eff1f8fbde avia-buttonrow-center  avia-builder-el-6  el_after_av_section  avia-builder-el-no-sibling '>\n\n<style type=\"text\/css\" data-created_by=\"avia_inline_auto\" id=\"style-css-av-j1niq-99e80912b161eac4b026752f15c9eaf2\">\n#top #wrap_all .avia-button.av-j1niq-99e80912b161eac4b026752f15c9eaf2{\nmargin-bottom:5px;\nmargin-right:3px;\nmargin-left:3px;\n}\n<\/style>\n<a href='https:\/\/fivmagazine.de\/jobs\/arbeitgeber\/neuer-job\/'  class='avia-button av-j1niq-99e80912b161eac4b026752f15c9eaf2 avia-icon_select-no avia-size-x-large avia-color-theme-color'  ><span class='avia_iconbox_title' >Job erstellen<\/span><\/a>\n\n<style type=\"text\/css\" data-created_by=\"avia_inline_auto\" id=\"style-css-av-eov8a-9202d0dac8ecaa3cc3fa27a721852f7a\">\n#top #wrap_all .avia-button.av-eov8a-9202d0dac8ecaa3cc3fa27a721852f7a{\nmargin-bottom:5px;\nmargin-right:3px;\nmargin-left:3px;\n}\n<\/style>\n<a href='https:\/\/fivmagazine.de\/jobs\/start\/'  class='avia-button av-eov8a-9202d0dac8ecaa3cc3fa27a721852f7a avia-icon_select-no avia-size-x-large avia-color-theme-color'  ><span class='avia_iconbox_title' >Job finden<\/span><\/a>\n\n<style type=\"text\/css\" data-created_by=\"avia_inline_auto\" id=\"style-css-av-bbd02-94dd19ae00d8f072afc2867a94cd26fb\">\n#top #wrap_all .avia-button.av-bbd02-94dd19ae00d8f072afc2867a94cd26fb{\nmargin-bottom:5px;\nmargin-right:3px;\nmargin-left:3px;\n}\n<\/style>\n<a href='https:\/\/fivmagazine.de\/jobs\/ueber-uns\/'  class='avia-button av-bbd02-94dd19ae00d8f072afc2867a94cd26fb avia-icon_select-no avia-size-x-large avia-color-theme-color'  ><span class='avia_iconbox_title' >\u00dcber uns<\/span><\/a>\n<\/div>\n","protected":false},"excerpt":{"rendered":"","protected":false},"author":1,"featured_media":0,"parent":0,"menu_order":0,"comment_status":"closed","ping_status":"closed","template":"","meta":{"footnotes":""},"class_list":["post-842","page","type-page","status-publish","hentry"],"acf":[],"_links":{"self":[{"href":"https:\/\/fivmagazine.de\/jobs\/wp-json\/wp\/v2\/pages\/842","targetHints":{"allow":["GET"]}}],"collection":[{"href":"https:\/\/fivmagazine.de\/jobs\/wp-json\/wp\/v2\/pages"}],"about":[{"href":"https:\/\/fivmagazine.de\/jobs\/wp-json\/wp\/v2\/types\/page"}],"author":[{"embeddable":true,"href":"https:\/\/fivmagazine.de\/jobs\/wp-json\/wp\/v2\/users\/1"}],"replies":[{"embeddable":true,"href":"https:\/\/fivmagazine.de\/jobs\/wp-json\/wp\/v2\/comments?post=842"}],"version-history":[{"count":9,"href":"https:\/\/fivmagazine.de\/jobs\/wp-json\/wp\/v2\/pages\/842\/revisions"}],"predecessor-version":[{"id":918,"href":"https:\/\/fivmagazine.de\/jobs\/wp-json\/wp\/v2\/pages\/842\/revisions\/918"}],"wp:attachment":[{"href":"https:\/\/fivmagazine.de\/jobs\/wp-json\/wp\/v2\/media?parent=842"}],"curies":[{"name":"wp","href":"https:\/\/api.w.org\/{rel}","templated":true}]}}