{"id":43,"date":"2024-01-14T16:55:49","date_gmt":"2024-01-14T15:55:49","guid":{"rendered":"https:\/\/fivmagazine.com\/shop\/?page_id=43"},"modified":"2024-01-14T16:56:13","modified_gmt":"2024-01-14T15:56:13","slug":"rueckerstattung_rueckgaben","status":"publish","type":"page","link":"https:\/\/fivmagazine.de\/shop\/rueckerstattung_rueckgaben\/","title":{"rendered":"Richtlinie f\u00fcr R\u00fcckerstattungen und R\u00fcckgaben"},"content":{"rendered":"<p>Das ist eine Beispielseite.<\/p>\n<h2>\u00dcbersicht<\/h2>\n<p>Unsere R\u00fcckerstattungs- und R\u00fcckgaberichtlinie gilt f\u00fcr 30 Tage. Wenn seit deinem Kauf mehr als 30 Tage vergangen sind, k\u00f6nnen wir dir keine volle R\u00fcckerstattung oder Umtausch anbieten.<\/p>\n<p>Um f\u00fcr eine R\u00fcckgabe berechtigt zu sein, muss dein Artikel unbenutzt und im gleichen Zustand sein, wie du ihn erhalten hast. Er muss auch in der Originalverpackung sein.<\/p>\n<p>Mehrere Arten von Waren k\u00f6nnen nicht zur\u00fcckgegeben werden. Verderbliche Waren wie Lebensmittel, Blumen, Zeitungen oder Zeitschriften k\u00f6nnen nicht zur\u00fcckgegeben werden. Wir akzeptieren auch keine Produkte, die intim oder hygienisch sind, gef\u00e4hrliche Materialien oder entflammbare Fl\u00fcssigkeiten oder Gase sind.<\/p>\n<p>Weitere nicht r\u00fcckgabef\u00e4hige Artikel:<\/p>\n<ul>\n<li>Geschenkkarten<\/li>\n<li>Herunterladbare Softwareprodukte<\/li>\n<li>Einige Gesundheits- und Pflegeprodukte<\/li>\n<\/ul>\n<p>Um deine R\u00fccksendung abzuschlie\u00dfen, ben\u00f6tigen wir eine Quittung oder einen Kaufnachweis.<\/p>\n<p>Bitte sende deinen Kauf nicht an den Hersteller zur\u00fcck.<\/p>\n<p>Es gibt bestimmte Situationen, in denen nur teilweise R\u00fcckerstattungen gew\u00e4hrt werden:<\/p>\n<ul>\n<li>Buch mit offensichtlichen Gebrauchsspuren<\/li>\n<li>CD, DVD, VHS-Band, Software, Videospiel, Kassette oder Schallplatte, die ge\u00f6ffnet wurde.<\/li>\n<li>Jeder Artikel, der nicht in seinem Originalzustand ist, besch\u00e4digt ist oder Teile fehlen, aus Gr\u00fcnden, die nicht auf unseren Fehler zur\u00fcckzuf\u00fchren sind.<\/li>\n<li>Jeder Artikel, der mehr als 30 Tage nach der Lieferung zur\u00fcckgegeben wird<\/li>\n<\/ul>\n<h3>R\u00fcckerstattungen<\/h3>\n<p>Sobald deine R\u00fccksendung erhalten und \u00fcberpr\u00fcft wurde, senden wir dir eine E-Mail, um dich dar\u00fcber zu informieren, dass wir deinen zur\u00fcckgesandten Artikel erhalten haben. Wir werden dich auch \u00fcber die Genehmigung oder Ablehnung deiner R\u00fcckerstattung informieren.<\/p>\n<p>Wenn du genehmigt wirst, wird deine R\u00fcckerstattung bearbeitet, und eine Gutschrift wird automatisch auf deine Kreditkarte oder die urspr\u00fcngliche Zahlungsmethode innerhalb einer bestimmten Anzahl von Tagen angewendet.<\/p>\n<h3>Versp\u00e4tete oder fehlende R\u00fcckerstattungen<\/h3>\n<p>Wenn du noch keine R\u00fcckerstattung erhalten hast, \u00fcberpr\u00fcfe zuerst dein Bankkonto erneut.<\/p>\n<p>Kontaktiere dann dein Kreditkartenunternehmen, es kann einige Zeit dauern, bevor deine R\u00fcckerstattung offiziell verbucht wird.<\/p>\n<p>Kontaktiere als n\u00e4chstes deine Bank. Es gibt oft eine Bearbeitungszeit, bevor eine R\u00fcckerstattung verbucht wird.<\/p>\n<p>Wenn du all dies getan hast und immer noch keine R\u00fcckerstattung erhalten hast, kontaktiere uns bitte unter {E-Mail-Adresse}.<\/p>\n<h3>Sonderangebote<\/h3>\n<p>Nur regul\u00e4re Artikel k\u00f6nnen erstattet werden. Sonderangebote k\u00f6nnen nicht erstattet werden.<\/p>\n<h3>Umtausch<\/h3>\n<p>Wir ersetzen nur Artikel, wenn sie defekt oder besch\u00e4digt sind. Wenn du ihn gegen denselben Artikel umtauschen musst, sende uns eine E-Mail an {E-Mail-Adresse} und sende deinen Artikel an:<\/p>\n<blockquote><p>FIV Magazine<br \/>\nHansaring 1<br \/>\n50670 K\u00f6ln<\/p><\/blockquote>\n<h3>Geschenke<\/h3>\n<p>Wenn der Artikel als Geschenk gekennzeichnet wurde und direkt an dich versandt wurde, erh\u00e4ltst du eine Gutschrift in Form eines Geschenkgutscheins im Wert deiner R\u00fccksendung. Sobald der zur\u00fcckgesandte Artikel eingegangen ist, wird dir ein Geschenkgutschein zugesandt.<\/p>\n<p>Wenn der Artikel beim Kauf nicht als Geschenk gekennzeichnet wurde oder der Schenkende die Bestellung an sich selbst verschickt hat, um sie dir sp\u00e4ter zu geben, werden wir dem Schenker eine R\u00fcckerstattung senden, und er wird von deiner R\u00fccksendung erfahren.<\/p>\n<h3>Versand von R\u00fccksendungen<\/h3>\n<p>Um dein Produkt zur\u00fcckzusenden, solltest du es an folgende Adresse senden:<\/p>\n<blockquote><p>Siehe Adresse oben<\/p><\/blockquote>\n<p>Du bist verantwortlich f\u00fcr die Zahlung deiner eigenen Versandkosten f\u00fcr die R\u00fccksendung deines Artikels. Versandkosten sind nicht erstattungsf\u00e4hig. Wenn du eine R\u00fcckerstattung erh\u00e4ltst, wird die Kosten f\u00fcr den R\u00fcckversand von deiner R\u00fcckerstattung abgezogen.<\/p>\n<p>Abh\u00e4ngig von deinem Wohnort kann die Zeit, die es dauert, bis dein umgetauschtes Produkt dich erreicht, variieren.<\/p>\n<p>Wenn du teurere Artikel zur\u00fccksendest, solltest du in Erw\u00e4gung ziehen, einen nachverfolgbaren Versandservice zu verwenden oder Versandversicherung abzuschlie\u00dfen. Wir garantieren nicht, dass wir deinen zur\u00fcckgesandten Artikel erhalten werden.<\/p>\n<h2>Brauchst du Hilfe?<\/h2>\n<p>Kontaktiere uns f\u00fcr Fragen im Zusammenhang mit R\u00fcckerstattungen und R\u00fccksendungen:<\/p>\n<ul>\n<li><a href=\"https:\/\/fivmagazine.de\/shop\/kontakt\/\">Kontakt<\/a><\/li>\n<\/ul>\n","protected":false},"excerpt":{"rendered":"<p>Das ist eine Beispielseite. \u00dcbersicht Unsere R\u00fcckerstattungs- und R\u00fcckgaberichtlinie gilt f\u00fcr 30 Tage. Wenn seit deinem Kauf mehr als 30 Tage vergangen sind, k\u00f6nnen wir dir keine volle R\u00fcckerstattung oder Umtausch anbieten. Um f\u00fcr eine R\u00fcckgabe berechtigt zu sein, muss dein Artikel unbenutzt und im gleichen Zustand sein, wie du ihn erhalten hast. Er muss [&hellip;]<\/p>\n","protected":false},"author":1,"featured_media":0,"parent":0,"menu_order":0,"comment_status":"closed","ping_status":"closed","template":"","meta":{"footnotes":""},"class_list":["post-43","page","type-page","status-publish","hentry"],"yoast_head":"<!-- This site is optimized with the Yoast SEO plugin v27.6 - https:\/\/yoast.com\/product\/yoast-seo-wordpress\/ -->\n<title>Richtlinie f\u00fcr R\u00fcckerstattungen und R\u00fcckgaben - FIV Shop<\/title>\n<meta name=\"robots\" content=\"index, follow, max-snippet:-1, max-image-preview:large, max-video-preview:-1\" \/>\n<link rel=\"canonical\" href=\"https:\/\/fivmagazine.de\/shop\/rueckerstattung_rueckgaben\/\" \/>\n<meta property=\"og:locale\" content=\"de_DE\" \/>\n<meta property=\"og:type\" content=\"article\" \/>\n<meta property=\"og:title\" content=\"Richtlinie f\u00fcr R\u00fcckerstattungen und R\u00fcckgaben - FIV Shop\" \/>\n<meta property=\"og:description\" content=\"Das ist eine Beispielseite. \u00dcbersicht Unsere R\u00fcckerstattungs- und R\u00fcckgaberichtlinie gilt f\u00fcr 30 Tage. Wenn seit deinem Kauf mehr als 30 Tage vergangen sind, k\u00f6nnen wir dir keine volle R\u00fcckerstattung oder Umtausch anbieten. Um f\u00fcr eine R\u00fcckgabe berechtigt zu sein, muss dein Artikel unbenutzt und im gleichen Zustand sein, wie du ihn erhalten hast. Er muss [&hellip;]\" \/>\n<meta property=\"og:url\" content=\"https:\/\/fivmagazine.de\/shop\/rueckerstattung_rueckgaben\/\" \/>\n<meta property=\"og:site_name\" content=\"FIV Shop\" \/>\n<meta property=\"article:modified_time\" content=\"2024-01-14T15:56:13+00:00\" \/>\n<meta name=\"twitter:card\" content=\"summary_large_image\" \/>\n<meta name=\"twitter:label1\" content=\"Gesch\u00e4tzte Lesezeit\" \/>\n\t<meta name=\"twitter:data1\" content=\"4\u00a0Minuten\" \/>\n<script type=\"application\/ld+json\" class=\"yoast-schema-graph\">{\"@context\":\"https:\\\/\\\/schema.org\",\"@graph\":[{\"@type\":\"WebPage\",\"@id\":\"https:\\\/\\\/fivmagazine.de\\\/shop\\\/rueckerstattung_rueckgaben\\\/\",\"url\":\"https:\\\/\\\/fivmagazine.de\\\/shop\\\/rueckerstattung_rueckgaben\\\/\",\"name\":\"Richtlinie f\u00fcr R\u00fcckerstattungen und R\u00fcckgaben - FIV Shop\",\"isPartOf\":{\"@id\":\"https:\\\/\\\/fivmagazine.de\\\/shop\\\/#website\"},\"datePublished\":\"2024-01-14T15:55:49+00:00\",\"dateModified\":\"2024-01-14T15:56:13+00:00\",\"breadcrumb\":{\"@id\":\"https:\\\/\\\/fivmagazine.de\\\/shop\\\/rueckerstattung_rueckgaben\\\/#breadcrumb\"},\"inLanguage\":\"de\",\"potentialAction\":[{\"@type\":\"ReadAction\",\"target\":[\"https:\\\/\\\/fivmagazine.de\\\/shop\\\/rueckerstattung_rueckgaben\\\/\"]}]},{\"@type\":\"BreadcrumbList\",\"@id\":\"https:\\\/\\\/fivmagazine.de\\\/shop\\\/rueckerstattung_rueckgaben\\\/#breadcrumb\",\"itemListElement\":[{\"@type\":\"ListItem\",\"position\":1,\"name\":\"Startseite\",\"item\":\"https:\\\/\\\/fivmagazine.de\\\/shop\\\/\"},{\"@type\":\"ListItem\",\"position\":2,\"name\":\"Richtlinie f\u00fcr R\u00fcckerstattungen und R\u00fcckgaben\"}]},{\"@type\":\"WebSite\",\"@id\":\"https:\\\/\\\/fivmagazine.de\\\/shop\\\/#website\",\"url\":\"https:\\\/\\\/fivmagazine.de\\\/shop\\\/\",\"name\":\"FIV Shop\",\"description\":\"\",\"potentialAction\":[{\"@type\":\"SearchAction\",\"target\":{\"@type\":\"EntryPoint\",\"urlTemplate\":\"https:\\\/\\\/fivmagazine.de\\\/shop\\\/?s={search_term_string}\"},\"query-input\":{\"@type\":\"PropertyValueSpecification\",\"valueRequired\":true,\"valueName\":\"search_term_string\"}}],\"inLanguage\":\"de\"}]}<\/script>\n<!-- \/ Yoast SEO plugin. -->","yoast_head_json":{"title":"Richtlinie f\u00fcr R\u00fcckerstattungen und R\u00fcckgaben - FIV Shop","robots":{"index":"index","follow":"follow","max-snippet":"max-snippet:-1","max-image-preview":"max-image-preview:large","max-video-preview":"max-video-preview:-1"},"canonical":"https:\/\/fivmagazine.de\/shop\/rueckerstattung_rueckgaben\/","og_locale":"de_DE","og_type":"article","og_title":"Richtlinie f\u00fcr R\u00fcckerstattungen und R\u00fcckgaben - FIV Shop","og_description":"Das ist eine Beispielseite. \u00dcbersicht Unsere R\u00fcckerstattungs- und R\u00fcckgaberichtlinie gilt f\u00fcr 30 Tage. Wenn seit deinem Kauf mehr als 30 Tage vergangen sind, k\u00f6nnen wir dir keine volle R\u00fcckerstattung oder Umtausch anbieten. Um f\u00fcr eine R\u00fcckgabe berechtigt zu sein, muss dein Artikel unbenutzt und im gleichen Zustand sein, wie du ihn erhalten hast. Er muss [&hellip;]","og_url":"https:\/\/fivmagazine.de\/shop\/rueckerstattung_rueckgaben\/","og_site_name":"FIV Shop","article_modified_time":"2024-01-14T15:56:13+00:00","twitter_card":"summary_large_image","twitter_misc":{"Gesch\u00e4tzte Lesezeit":"4\u00a0Minuten"},"schema":{"@context":"https:\/\/schema.org","@graph":[{"@type":"WebPage","@id":"https:\/\/fivmagazine.de\/shop\/rueckerstattung_rueckgaben\/","url":"https:\/\/fivmagazine.de\/shop\/rueckerstattung_rueckgaben\/","name":"Richtlinie f\u00fcr R\u00fcckerstattungen und R\u00fcckgaben - FIV Shop","isPartOf":{"@id":"https:\/\/fivmagazine.de\/shop\/#website"},"datePublished":"2024-01-14T15:55:49+00:00","dateModified":"2024-01-14T15:56:13+00:00","breadcrumb":{"@id":"https:\/\/fivmagazine.de\/shop\/rueckerstattung_rueckgaben\/#breadcrumb"},"inLanguage":"de","potentialAction":[{"@type":"ReadAction","target":["https:\/\/fivmagazine.de\/shop\/rueckerstattung_rueckgaben\/"]}]},{"@type":"BreadcrumbList","@id":"https:\/\/fivmagazine.de\/shop\/rueckerstattung_rueckgaben\/#breadcrumb","itemListElement":[{"@type":"ListItem","position":1,"name":"Startseite","item":"https:\/\/fivmagazine.de\/shop\/"},{"@type":"ListItem","position":2,"name":"Richtlinie f\u00fcr R\u00fcckerstattungen und R\u00fcckgaben"}]},{"@type":"WebSite","@id":"https:\/\/fivmagazine.de\/shop\/#website","url":"https:\/\/fivmagazine.de\/shop\/","name":"FIV Shop","description":"","potentialAction":[{"@type":"SearchAction","target":{"@type":"EntryPoint","urlTemplate":"https:\/\/fivmagazine.de\/shop\/?s={search_term_string}"},"query-input":{"@type":"PropertyValueSpecification","valueRequired":true,"valueName":"search_term_string"}}],"inLanguage":"de"}]}},"_links":{"self":[{"href":"https:\/\/fivmagazine.de\/shop\/wp-json\/wp\/v2\/pages\/43","targetHints":{"allow":["GET"]}}],"collection":[{"href":"https:\/\/fivmagazine.de\/shop\/wp-json\/wp\/v2\/pages"}],"about":[{"href":"https:\/\/fivmagazine.de\/shop\/wp-json\/wp\/v2\/types\/page"}],"author":[{"embeddable":true,"href":"https:\/\/fivmagazine.de\/shop\/wp-json\/wp\/v2\/users\/1"}],"replies":[{"embeddable":true,"href":"https:\/\/fivmagazine.de\/shop\/wp-json\/wp\/v2\/comments?post=43"}],"version-history":[{"count":2,"href":"https:\/\/fivmagazine.de\/shop\/wp-json\/wp\/v2\/pages\/43\/revisions"}],"predecessor-version":[{"id":246,"href":"https:\/\/fivmagazine.de\/shop\/wp-json\/wp\/v2\/pages\/43\/revisions\/246"}],"wp:attachment":[{"href":"https:\/\/fivmagazine.de\/shop\/wp-json\/wp\/v2\/media?parent=43"}],"curies":[{"name":"wp","href":"https:\/\/api.w.org\/{rel}","templated":true}]}}