{"id":165,"date":"2023-11-28T18:27:33","date_gmt":"2023-11-28T17:27:33","guid":{"rendered":"https:\/\/fivmagazine.com\/shop\/shop\/what-would-beyonce-do-handyhuelle-samsung\/"},"modified":"2023-11-28T18:30:18","modified_gmt":"2023-11-28T17:30:18","slug":"what-would-beyonce-do-handyhuelle-samsung","status":"publish","type":"product","link":"https:\/\/fivmagazine.de\/shop\/shop\/what-would-beyonce-do-handyhuelle-samsung\/","title":{"rendered":"What Would Beyonc\u00e9 Do | Handyh\u00fclle | Samsung"},"content":{"rendered":"<p>Diese d\u00fcnne Samsung-H\u00fclle sch\u00fctzt dein Handy vor Kratzern, Staub, \u00d6l und Schmutz. Sie hat eine solide R\u00fcckseite und flexible Seiten, die durch pr\u00e4zise geschnittenen \u00d6ffnungen und Aussparungen das Ein- und Ausschalten erleichtern.<\/p>\n<p>\u2022 Solide Polycarbonat-R\u00fcckseite<br \/>\n\u2022 0,5 mm angehobene Blende<br \/>\n\u2022 Durchsichtige Seiten<br \/>\n\u2022 Kabelloses Aufladen m\u00f6glich<br \/>\n\u2022 Leichtes Anbringen und Abnehmen<\/p>\n<p><span style='color: #F7B500'>&#9888;<\/span> <b>Warnung:<\/b> Dieses Produkt enth\u00e4lt m\u00f6glicherweise Chemikalien, darunter Bisphenol A (BPA), das im Bundesstaat Kalifornien als Verursacher von Geburtssch\u00e4den oder anderen Fortpflanzungssch\u00e4den bekannt ist. Weitere Informationen findest du unter <a href=\"https:\/\/www.p65warnings.ca.gov\" target=\"_blank\" rel=\"noopener\">https:\/\/www.p65warnings.ca.gov<\/a><\/p>\n","protected":false},"excerpt":{"rendered":"<p>Diese d\u00fcnne Samsung-H\u00fclle sch\u00fctzt dein Handy vor Kratzern, Staub, \u00d6l und Schmutz. Sie hat eine solide R\u00fcckseite und flexible Seiten, die durch pr\u00e4zise geschnittenen \u00d6ffnungen und Aussparungen das Ein- und Ausschalten erleichtern. \u2022 Solide Polycarbonat-R\u00fcckseite \u2022 0,5 mm angehobene Blende \u2022 Durchsichtige Seiten \u2022 Kabelloses Aufladen m\u00f6glich \u2022 Leichtes Anbringen und Abnehmen &#9888; Warnung: Dieses [&hellip;]<\/p>\n","protected":false},"featured_media":179,"comment_status":"open","ping_status":"closed","template":"","meta":[],"product_brand":[],"product_cat":[75,37,17],"product_tag":[],"class_list":{"0":"post-165","1":"product","2":"type-product","3":"status-publish","4":"has-post-thumbnail","6":"product_cat-accessoires","7":"product_cat-handyhuelle","8":"product_cat-kollektion","10":"first","11":"instock","12":"taxable","13":"shipping-taxable","14":"purchasable","15":"product-type-variable"},"yoast_head":"<!-- This site is optimized with the Yoast SEO plugin v27.3 - https:\/\/yoast.com\/product\/yoast-seo-wordpress\/ -->\n<title>What Would Beyonc\u00e9 Do | Handyh\u00fclle | Samsung - FIV Shop<\/title>\n<meta name=\"robots\" content=\"index, follow, max-snippet:-1, max-image-preview:large, max-video-preview:-1\" \/>\n<link rel=\"canonical\" href=\"https:\/\/fivmagazine.de\/shop\/shop\/what-would-beyonce-do-handyhuelle-samsung\/\" \/>\n<meta property=\"og:locale\" content=\"de_DE\" \/>\n<meta property=\"og:type\" content=\"article\" \/>\n<meta property=\"og:title\" content=\"What Would Beyonc\u00e9 Do | Handyh\u00fclle | Samsung - FIV Shop\" \/>\n<meta property=\"og:description\" content=\"Diese d\u00fcnne Samsung-H\u00fclle sch\u00fctzt dein Handy vor Kratzern, Staub, \u00d6l und Schmutz. Sie hat eine solide R\u00fcckseite und flexible Seiten, die durch pr\u00e4zise geschnittenen \u00d6ffnungen und Aussparungen das Ein- und Ausschalten erleichtern. \u2022 Solide Polycarbonat-R\u00fcckseite \u2022 0,5 mm angehobene Blende \u2022 Durchsichtige Seiten \u2022 Kabelloses Aufladen m\u00f6glich \u2022 Leichtes Anbringen und Abnehmen &#9888; Warnung: Dieses [&hellip;]\" \/>\n<meta property=\"og:url\" content=\"https:\/\/fivmagazine.de\/shop\/shop\/what-would-beyonce-do-handyhuelle-samsung\/\" \/>\n<meta property=\"og:site_name\" content=\"FIV Shop\" \/>\n<meta property=\"article:modified_time\" content=\"2023-11-28T17:30:18+00:00\" \/>\n<meta property=\"og:image\" content=\"https:\/\/fivmagazine.com\/shop\/wp-content\/uploads\/2023\/11\/clear-case-for-samsung-samsung-galaxy-s21-plus-case-on-phone-656622fba1789.jpg\" \/>\n\t<meta property=\"og:image:width\" content=\"2000\" \/>\n\t<meta property=\"og:image:height\" content=\"2000\" \/>\n\t<meta property=\"og:image:type\" content=\"image\/jpeg\" \/>\n<meta name=\"twitter:card\" content=\"summary_large_image\" \/>\n<script type=\"application\/ld+json\" class=\"yoast-schema-graph\">{\"@context\":\"https:\\\/\\\/schema.org\",\"@graph\":[{\"@type\":\"WebPage\",\"@id\":\"https:\\\/\\\/fivmagazine.de\\\/shop\\\/shop\\\/what-would-beyonce-do-handyhuelle-samsung\\\/\",\"url\":\"https:\\\/\\\/fivmagazine.de\\\/shop\\\/shop\\\/what-would-beyonce-do-handyhuelle-samsung\\\/\",\"name\":\"What Would Beyonc\u00e9 Do | Handyh\u00fclle | Samsung - FIV Shop\",\"isPartOf\":{\"@id\":\"https:\\\/\\\/fivmagazine.de\\\/shop\\\/#website\"},\"primaryImageOfPage\":{\"@id\":\"https:\\\/\\\/fivmagazine.de\\\/shop\\\/shop\\\/what-would-beyonce-do-handyhuelle-samsung\\\/#primaryimage\"},\"image\":{\"@id\":\"https:\\\/\\\/fivmagazine.de\\\/shop\\\/shop\\\/what-would-beyonce-do-handyhuelle-samsung\\\/#primaryimage\"},\"thumbnailUrl\":\"https:\\\/\\\/fivmagazine.com\\\/shop\\\/wp-content\\\/uploads\\\/2023\\\/11\\\/clear-case-for-samsung-samsung-galaxy-s21-plus-case-on-phone-656622fba1789.jpg\",\"datePublished\":\"2023-11-28T17:27:33+00:00\",\"dateModified\":\"2023-11-28T17:30:18+00:00\",\"breadcrumb\":{\"@id\":\"https:\\\/\\\/fivmagazine.de\\\/shop\\\/shop\\\/what-would-beyonce-do-handyhuelle-samsung\\\/#breadcrumb\"},\"inLanguage\":\"de\",\"potentialAction\":[{\"@type\":\"ReadAction\",\"target\":[\"https:\\\/\\\/fivmagazine.de\\\/shop\\\/shop\\\/what-would-beyonce-do-handyhuelle-samsung\\\/\"]}]},{\"@type\":\"ImageObject\",\"inLanguage\":\"de\",\"@id\":\"https:\\\/\\\/fivmagazine.de\\\/shop\\\/shop\\\/what-would-beyonce-do-handyhuelle-samsung\\\/#primaryimage\",\"url\":\"https:\\\/\\\/fivmagazine.com\\\/shop\\\/wp-content\\\/uploads\\\/2023\\\/11\\\/clear-case-for-samsung-samsung-galaxy-s21-plus-case-on-phone-656622fba1789.jpg\",\"contentUrl\":\"https:\\\/\\\/fivmagazine.com\\\/shop\\\/wp-content\\\/uploads\\\/2023\\\/11\\\/clear-case-for-samsung-samsung-galaxy-s21-plus-case-on-phone-656622fba1789.jpg\",\"width\":2000,\"height\":2000},{\"@type\":\"BreadcrumbList\",\"@id\":\"https:\\\/\\\/fivmagazine.de\\\/shop\\\/shop\\\/what-would-beyonce-do-handyhuelle-samsung\\\/#breadcrumb\",\"itemListElement\":[{\"@type\":\"ListItem\",\"position\":1,\"name\":\"Startseite\",\"item\":\"https:\\\/\\\/fivmagazine.de\\\/shop\\\/\"},{\"@type\":\"ListItem\",\"position\":2,\"name\":\"Shop\",\"item\":\"https:\\\/\\\/fivmagazine.de\\\/shop\\\/shop\\\/\"},{\"@type\":\"ListItem\",\"position\":3,\"name\":\"What Would Beyonc\u00e9 Do | Handyh\u00fclle | Samsung\"}]},{\"@type\":\"WebSite\",\"@id\":\"https:\\\/\\\/fivmagazine.de\\\/shop\\\/#website\",\"url\":\"https:\\\/\\\/fivmagazine.de\\\/shop\\\/\",\"name\":\"FIV Shop\",\"description\":\"\",\"potentialAction\":[{\"@type\":\"SearchAction\",\"target\":{\"@type\":\"EntryPoint\",\"urlTemplate\":\"https:\\\/\\\/fivmagazine.de\\\/shop\\\/?s={search_term_string}\"},\"query-input\":{\"@type\":\"PropertyValueSpecification\",\"valueRequired\":true,\"valueName\":\"search_term_string\"}}],\"inLanguage\":\"de\"}]}<\/script>\n<!-- \/ Yoast SEO plugin. -->","yoast_head_json":{"title":"What Would Beyonc\u00e9 Do | Handyh\u00fclle | Samsung - FIV Shop","robots":{"index":"index","follow":"follow","max-snippet":"max-snippet:-1","max-image-preview":"max-image-preview:large","max-video-preview":"max-video-preview:-1"},"canonical":"https:\/\/fivmagazine.de\/shop\/shop\/what-would-beyonce-do-handyhuelle-samsung\/","og_locale":"de_DE","og_type":"article","og_title":"What Would Beyonc\u00e9 Do | Handyh\u00fclle | Samsung - FIV Shop","og_description":"Diese d\u00fcnne Samsung-H\u00fclle sch\u00fctzt dein Handy vor Kratzern, Staub, \u00d6l und Schmutz. Sie hat eine solide R\u00fcckseite und flexible Seiten, die durch pr\u00e4zise geschnittenen \u00d6ffnungen und Aussparungen das Ein- und Ausschalten erleichtern. \u2022 Solide Polycarbonat-R\u00fcckseite \u2022 0,5 mm angehobene Blende \u2022 Durchsichtige Seiten \u2022 Kabelloses Aufladen m\u00f6glich \u2022 Leichtes Anbringen und Abnehmen &#9888; Warnung: Dieses [&hellip;]","og_url":"https:\/\/fivmagazine.de\/shop\/shop\/what-would-beyonce-do-handyhuelle-samsung\/","og_site_name":"FIV Shop","article_modified_time":"2023-11-28T17:30:18+00:00","og_image":[{"width":2000,"height":2000,"url":"https:\/\/fivmagazine.com\/shop\/wp-content\/uploads\/2023\/11\/clear-case-for-samsung-samsung-galaxy-s21-plus-case-on-phone-656622fba1789.jpg","type":"image\/jpeg"}],"twitter_card":"summary_large_image","schema":{"@context":"https:\/\/schema.org","@graph":[{"@type":"WebPage","@id":"https:\/\/fivmagazine.de\/shop\/shop\/what-would-beyonce-do-handyhuelle-samsung\/","url":"https:\/\/fivmagazine.de\/shop\/shop\/what-would-beyonce-do-handyhuelle-samsung\/","name":"What Would Beyonc\u00e9 Do | Handyh\u00fclle | Samsung - FIV Shop","isPartOf":{"@id":"https:\/\/fivmagazine.de\/shop\/#website"},"primaryImageOfPage":{"@id":"https:\/\/fivmagazine.de\/shop\/shop\/what-would-beyonce-do-handyhuelle-samsung\/#primaryimage"},"image":{"@id":"https:\/\/fivmagazine.de\/shop\/shop\/what-would-beyonce-do-handyhuelle-samsung\/#primaryimage"},"thumbnailUrl":"https:\/\/fivmagazine.com\/shop\/wp-content\/uploads\/2023\/11\/clear-case-for-samsung-samsung-galaxy-s21-plus-case-on-phone-656622fba1789.jpg","datePublished":"2023-11-28T17:27:33+00:00","dateModified":"2023-11-28T17:30:18+00:00","breadcrumb":{"@id":"https:\/\/fivmagazine.de\/shop\/shop\/what-would-beyonce-do-handyhuelle-samsung\/#breadcrumb"},"inLanguage":"de","potentialAction":[{"@type":"ReadAction","target":["https:\/\/fivmagazine.de\/shop\/shop\/what-would-beyonce-do-handyhuelle-samsung\/"]}]},{"@type":"ImageObject","inLanguage":"de","@id":"https:\/\/fivmagazine.de\/shop\/shop\/what-would-beyonce-do-handyhuelle-samsung\/#primaryimage","url":"https:\/\/fivmagazine.com\/shop\/wp-content\/uploads\/2023\/11\/clear-case-for-samsung-samsung-galaxy-s21-plus-case-on-phone-656622fba1789.jpg","contentUrl":"https:\/\/fivmagazine.com\/shop\/wp-content\/uploads\/2023\/11\/clear-case-for-samsung-samsung-galaxy-s21-plus-case-on-phone-656622fba1789.jpg","width":2000,"height":2000},{"@type":"BreadcrumbList","@id":"https:\/\/fivmagazine.de\/shop\/shop\/what-would-beyonce-do-handyhuelle-samsung\/#breadcrumb","itemListElement":[{"@type":"ListItem","position":1,"name":"Startseite","item":"https:\/\/fivmagazine.de\/shop\/"},{"@type":"ListItem","position":2,"name":"Shop","item":"https:\/\/fivmagazine.de\/shop\/shop\/"},{"@type":"ListItem","position":3,"name":"What Would Beyonc\u00e9 Do | Handyh\u00fclle | Samsung"}]},{"@type":"WebSite","@id":"https:\/\/fivmagazine.de\/shop\/#website","url":"https:\/\/fivmagazine.de\/shop\/","name":"FIV Shop","description":"","potentialAction":[{"@type":"SearchAction","target":{"@type":"EntryPoint","urlTemplate":"https:\/\/fivmagazine.de\/shop\/?s={search_term_string}"},"query-input":{"@type":"PropertyValueSpecification","valueRequired":true,"valueName":"search_term_string"}}],"inLanguage":"de"}]}},"_links":{"self":[{"href":"https:\/\/fivmagazine.de\/shop\/wp-json\/wp\/v2\/product\/165","targetHints":{"allow":["GET"]}}],"collection":[{"href":"https:\/\/fivmagazine.de\/shop\/wp-json\/wp\/v2\/product"}],"about":[{"href":"https:\/\/fivmagazine.de\/shop\/wp-json\/wp\/v2\/types\/product"}],"replies":[{"embeddable":true,"href":"https:\/\/fivmagazine.de\/shop\/wp-json\/wp\/v2\/comments?post=165"}],"wp:featuredmedia":[{"embeddable":true,"href":"https:\/\/fivmagazine.de\/shop\/wp-json\/wp\/v2\/media\/179"}],"wp:attachment":[{"href":"https:\/\/fivmagazine.de\/shop\/wp-json\/wp\/v2\/media?parent=165"}],"wp:term":[{"taxonomy":"product_brand","embeddable":true,"href":"https:\/\/fivmagazine.de\/shop\/wp-json\/wp\/v2\/product_brand?post=165"},{"taxonomy":"product_cat","embeddable":true,"href":"https:\/\/fivmagazine.de\/shop\/wp-json\/wp\/v2\/product_cat?post=165"},{"taxonomy":"product_tag","embeddable":true,"href":"https:\/\/fivmagazine.de\/shop\/wp-json\/wp\/v2\/product_tag?post=165"}],"curies":[{"name":"wp","href":"https:\/\/api.w.org\/{rel}","templated":true}]}}