{"id":231,"date":"2023-11-29T14:22:37","date_gmt":"2023-11-29T13:22:37","guid":{"rendered":"https:\/\/fivmagazine.com\/shop\/shop\/what-would-beyonce-hoodie\/"},"modified":"2023-11-29T14:22:47","modified_gmt":"2023-11-29T13:22:47","slug":"what-would-beyonce-hoodie","status":"publish","type":"product","link":"https:\/\/fivmagazine.de\/shop\/shop\/what-would-beyonce-hoodie\/","title":{"rendered":"What Would Beyonc\u00e9 | Hoodie"},"content":{"rendered":"<p>Wer h\u00e4tte gedacht, dass der weichste Kapuzenpulli, den du je hattest, so ein cooles Design hat? Du wirst den Kauf dieses klassischen Streetwear-St\u00fccks mit bequemer K\u00e4ngurutasche und warmer Kapuze f\u00fcr k\u00fchle Abende nie bereuen.<\/p>\n<p>\u2022 Au\u00dfenseite aus 100 % Baumwolle<br \/>\n\u2022 65 % ringgesponnene Baumwolle, 35 % Polyester<br \/>\n\u2022 K\u00e4nguru-Tasche<br \/>\n\u2022 Aufn\u00e4her aus demselben Stoff auf der R\u00fcckseite<br \/>\n\u2022 Passender flacher Kordelzug<br \/>\n\u2022 3-Panel-Kapuze<br \/>\n\u2022 Rohprodutk bezogen aus Pakistan<\/p>\n","protected":false},"excerpt":{"rendered":"<p>Wer h\u00e4tte gedacht, dass der weichste Kapuzenpulli, den du je hattest, so ein cooles Design hat? Du wirst den Kauf dieses klassischen Streetwear-St\u00fccks mit bequemer K\u00e4ngurutasche und warmer Kapuze f\u00fcr k\u00fchle Abende nie bereuen. \u2022 Au\u00dfenseite aus 100 % Baumwolle \u2022 65 % ringgesponnene Baumwolle, 35 % Polyester \u2022 K\u00e4nguru-Tasche \u2022 Aufn\u00e4her aus demselben Stoff [&hellip;]<\/p>\n","protected":false},"featured_media":240,"comment_status":"open","ping_status":"closed","template":"","meta":[],"product_brand":[],"product_cat":[31,17],"product_tag":[],"class_list":{"0":"post-231","1":"product","2":"type-product","3":"status-publish","4":"has-post-thumbnail","6":"product_cat-hoodie","7":"product_cat-kollektion","9":"first","10":"instock","11":"taxable","12":"shipping-taxable","13":"purchasable","14":"product-type-variable"},"yoast_head":"<!-- This site is optimized with the Yoast SEO plugin v27.3 - https:\/\/yoast.com\/product\/yoast-seo-wordpress\/ -->\n<title>What Would Beyonc\u00e9 | Hoodie - FIV Shop<\/title>\n<meta name=\"robots\" content=\"index, follow, max-snippet:-1, max-image-preview:large, max-video-preview:-1\" \/>\n<link rel=\"canonical\" href=\"https:\/\/fivmagazine.de\/shop\/shop\/what-would-beyonce-hoodie\/\" \/>\n<meta property=\"og:locale\" content=\"de_DE\" \/>\n<meta property=\"og:type\" content=\"article\" \/>\n<meta property=\"og:title\" content=\"What Would Beyonc\u00e9 | Hoodie - FIV Shop\" \/>\n<meta property=\"og:description\" content=\"Wer h\u00e4tte gedacht, dass der weichste Kapuzenpulli, den du je hattest, so ein cooles Design hat? Du wirst den Kauf dieses klassischen Streetwear-St\u00fccks mit bequemer K\u00e4ngurutasche und warmer Kapuze f\u00fcr k\u00fchle Abende nie bereuen. \u2022 Au\u00dfenseite aus 100 % Baumwolle \u2022 65 % ringgesponnene Baumwolle, 35 % Polyester \u2022 K\u00e4nguru-Tasche \u2022 Aufn\u00e4her aus demselben Stoff [&hellip;]\" \/>\n<meta property=\"og:url\" content=\"https:\/\/fivmagazine.de\/shop\/shop\/what-would-beyonce-hoodie\/\" \/>\n<meta property=\"og:site_name\" content=\"FIV Shop\" \/>\n<meta property=\"article:modified_time\" content=\"2023-11-29T13:22:47+00:00\" \/>\n<meta property=\"og:image\" content=\"https:\/\/fivmagazine.com\/shop\/wp-content\/uploads\/2023\/11\/unisex-premium-hoodie-black-front-65673b102c389.jpg\" \/>\n\t<meta property=\"og:image:width\" content=\"2000\" \/>\n\t<meta property=\"og:image:height\" content=\"2000\" \/>\n\t<meta property=\"og:image:type\" content=\"image\/jpeg\" \/>\n<meta name=\"twitter:card\" content=\"summary_large_image\" \/>\n<script type=\"application\/ld+json\" class=\"yoast-schema-graph\">{\"@context\":\"https:\\\/\\\/schema.org\",\"@graph\":[{\"@type\":\"WebPage\",\"@id\":\"https:\\\/\\\/fivmagazine.de\\\/shop\\\/shop\\\/what-would-beyonce-hoodie\\\/\",\"url\":\"https:\\\/\\\/fivmagazine.de\\\/shop\\\/shop\\\/what-would-beyonce-hoodie\\\/\",\"name\":\"What Would Beyonc\u00e9 | Hoodie - FIV Shop\",\"isPartOf\":{\"@id\":\"https:\\\/\\\/fivmagazine.de\\\/shop\\\/#website\"},\"primaryImageOfPage\":{\"@id\":\"https:\\\/\\\/fivmagazine.de\\\/shop\\\/shop\\\/what-would-beyonce-hoodie\\\/#primaryimage\"},\"image\":{\"@id\":\"https:\\\/\\\/fivmagazine.de\\\/shop\\\/shop\\\/what-would-beyonce-hoodie\\\/#primaryimage\"},\"thumbnailUrl\":\"https:\\\/\\\/fivmagazine.com\\\/shop\\\/wp-content\\\/uploads\\\/2023\\\/11\\\/unisex-premium-hoodie-black-front-65673b102c389.jpg\",\"datePublished\":\"2023-11-29T13:22:37+00:00\",\"dateModified\":\"2023-11-29T13:22:47+00:00\",\"breadcrumb\":{\"@id\":\"https:\\\/\\\/fivmagazine.de\\\/shop\\\/shop\\\/what-would-beyonce-hoodie\\\/#breadcrumb\"},\"inLanguage\":\"de\",\"potentialAction\":[{\"@type\":\"ReadAction\",\"target\":[\"https:\\\/\\\/fivmagazine.de\\\/shop\\\/shop\\\/what-would-beyonce-hoodie\\\/\"]}]},{\"@type\":\"ImageObject\",\"inLanguage\":\"de\",\"@id\":\"https:\\\/\\\/fivmagazine.de\\\/shop\\\/shop\\\/what-would-beyonce-hoodie\\\/#primaryimage\",\"url\":\"https:\\\/\\\/fivmagazine.com\\\/shop\\\/wp-content\\\/uploads\\\/2023\\\/11\\\/unisex-premium-hoodie-black-front-65673b102c389.jpg\",\"contentUrl\":\"https:\\\/\\\/fivmagazine.com\\\/shop\\\/wp-content\\\/uploads\\\/2023\\\/11\\\/unisex-premium-hoodie-black-front-65673b102c389.jpg\",\"width\":2000,\"height\":2000},{\"@type\":\"BreadcrumbList\",\"@id\":\"https:\\\/\\\/fivmagazine.de\\\/shop\\\/shop\\\/what-would-beyonce-hoodie\\\/#breadcrumb\",\"itemListElement\":[{\"@type\":\"ListItem\",\"position\":1,\"name\":\"Startseite\",\"item\":\"https:\\\/\\\/fivmagazine.de\\\/shop\\\/\"},{\"@type\":\"ListItem\",\"position\":2,\"name\":\"Shop\",\"item\":\"https:\\\/\\\/fivmagazine.de\\\/shop\\\/shop\\\/\"},{\"@type\":\"ListItem\",\"position\":3,\"name\":\"What Would Beyonc\u00e9 | Hoodie\"}]},{\"@type\":\"WebSite\",\"@id\":\"https:\\\/\\\/fivmagazine.de\\\/shop\\\/#website\",\"url\":\"https:\\\/\\\/fivmagazine.de\\\/shop\\\/\",\"name\":\"FIV Shop\",\"description\":\"\",\"potentialAction\":[{\"@type\":\"SearchAction\",\"target\":{\"@type\":\"EntryPoint\",\"urlTemplate\":\"https:\\\/\\\/fivmagazine.de\\\/shop\\\/?s={search_term_string}\"},\"query-input\":{\"@type\":\"PropertyValueSpecification\",\"valueRequired\":true,\"valueName\":\"search_term_string\"}}],\"inLanguage\":\"de\"}]}<\/script>\n<!-- \/ Yoast SEO plugin. -->","yoast_head_json":{"title":"What Would Beyonc\u00e9 | Hoodie - FIV Shop","robots":{"index":"index","follow":"follow","max-snippet":"max-snippet:-1","max-image-preview":"max-image-preview:large","max-video-preview":"max-video-preview:-1"},"canonical":"https:\/\/fivmagazine.de\/shop\/shop\/what-would-beyonce-hoodie\/","og_locale":"de_DE","og_type":"article","og_title":"What Would Beyonc\u00e9 | Hoodie - FIV Shop","og_description":"Wer h\u00e4tte gedacht, dass der weichste Kapuzenpulli, den du je hattest, so ein cooles Design hat? Du wirst den Kauf dieses klassischen Streetwear-St\u00fccks mit bequemer K\u00e4ngurutasche und warmer Kapuze f\u00fcr k\u00fchle Abende nie bereuen. \u2022 Au\u00dfenseite aus 100 % Baumwolle \u2022 65 % ringgesponnene Baumwolle, 35 % Polyester \u2022 K\u00e4nguru-Tasche \u2022 Aufn\u00e4her aus demselben Stoff [&hellip;]","og_url":"https:\/\/fivmagazine.de\/shop\/shop\/what-would-beyonce-hoodie\/","og_site_name":"FIV Shop","article_modified_time":"2023-11-29T13:22:47+00:00","og_image":[{"width":2000,"height":2000,"url":"https:\/\/fivmagazine.com\/shop\/wp-content\/uploads\/2023\/11\/unisex-premium-hoodie-black-front-65673b102c389.jpg","type":"image\/jpeg"}],"twitter_card":"summary_large_image","schema":{"@context":"https:\/\/schema.org","@graph":[{"@type":"WebPage","@id":"https:\/\/fivmagazine.de\/shop\/shop\/what-would-beyonce-hoodie\/","url":"https:\/\/fivmagazine.de\/shop\/shop\/what-would-beyonce-hoodie\/","name":"What Would Beyonc\u00e9 | Hoodie - FIV Shop","isPartOf":{"@id":"https:\/\/fivmagazine.de\/shop\/#website"},"primaryImageOfPage":{"@id":"https:\/\/fivmagazine.de\/shop\/shop\/what-would-beyonce-hoodie\/#primaryimage"},"image":{"@id":"https:\/\/fivmagazine.de\/shop\/shop\/what-would-beyonce-hoodie\/#primaryimage"},"thumbnailUrl":"https:\/\/fivmagazine.com\/shop\/wp-content\/uploads\/2023\/11\/unisex-premium-hoodie-black-front-65673b102c389.jpg","datePublished":"2023-11-29T13:22:37+00:00","dateModified":"2023-11-29T13:22:47+00:00","breadcrumb":{"@id":"https:\/\/fivmagazine.de\/shop\/shop\/what-would-beyonce-hoodie\/#breadcrumb"},"inLanguage":"de","potentialAction":[{"@type":"ReadAction","target":["https:\/\/fivmagazine.de\/shop\/shop\/what-would-beyonce-hoodie\/"]}]},{"@type":"ImageObject","inLanguage":"de","@id":"https:\/\/fivmagazine.de\/shop\/shop\/what-would-beyonce-hoodie\/#primaryimage","url":"https:\/\/fivmagazine.com\/shop\/wp-content\/uploads\/2023\/11\/unisex-premium-hoodie-black-front-65673b102c389.jpg","contentUrl":"https:\/\/fivmagazine.com\/shop\/wp-content\/uploads\/2023\/11\/unisex-premium-hoodie-black-front-65673b102c389.jpg","width":2000,"height":2000},{"@type":"BreadcrumbList","@id":"https:\/\/fivmagazine.de\/shop\/shop\/what-would-beyonce-hoodie\/#breadcrumb","itemListElement":[{"@type":"ListItem","position":1,"name":"Startseite","item":"https:\/\/fivmagazine.de\/shop\/"},{"@type":"ListItem","position":2,"name":"Shop","item":"https:\/\/fivmagazine.de\/shop\/shop\/"},{"@type":"ListItem","position":3,"name":"What Would Beyonc\u00e9 | Hoodie"}]},{"@type":"WebSite","@id":"https:\/\/fivmagazine.de\/shop\/#website","url":"https:\/\/fivmagazine.de\/shop\/","name":"FIV Shop","description":"","potentialAction":[{"@type":"SearchAction","target":{"@type":"EntryPoint","urlTemplate":"https:\/\/fivmagazine.de\/shop\/?s={search_term_string}"},"query-input":{"@type":"PropertyValueSpecification","valueRequired":true,"valueName":"search_term_string"}}],"inLanguage":"de"}]}},"_links":{"self":[{"href":"https:\/\/fivmagazine.de\/shop\/wp-json\/wp\/v2\/product\/231","targetHints":{"allow":["GET"]}}],"collection":[{"href":"https:\/\/fivmagazine.de\/shop\/wp-json\/wp\/v2\/product"}],"about":[{"href":"https:\/\/fivmagazine.de\/shop\/wp-json\/wp\/v2\/types\/product"}],"replies":[{"embeddable":true,"href":"https:\/\/fivmagazine.de\/shop\/wp-json\/wp\/v2\/comments?post=231"}],"wp:featuredmedia":[{"embeddable":true,"href":"https:\/\/fivmagazine.de\/shop\/wp-json\/wp\/v2\/media\/240"}],"wp:attachment":[{"href":"https:\/\/fivmagazine.de\/shop\/wp-json\/wp\/v2\/media?parent=231"}],"wp:term":[{"taxonomy":"product_brand","embeddable":true,"href":"https:\/\/fivmagazine.de\/shop\/wp-json\/wp\/v2\/product_brand?post=231"},{"taxonomy":"product_cat","embeddable":true,"href":"https:\/\/fivmagazine.de\/shop\/wp-json\/wp\/v2\/product_cat?post=231"},{"taxonomy":"product_tag","embeddable":true,"href":"https:\/\/fivmagazine.de\/shop\/wp-json\/wp\/v2\/product_tag?post=231"}],"curies":[{"name":"wp","href":"https:\/\/api.w.org\/{rel}","templated":true}]}}