{"id":51,"date":"2023-11-28T17:03:58","date_gmt":"2023-11-28T16:03:58","guid":{"rendered":"https:\/\/fivmagazine.com\/shop\/shop\/what-would-beyonce-do\/"},"modified":"2023-11-28T18:08:02","modified_gmt":"2023-11-28T17:08:02","slug":"what-would-beyonce-do","status":"publish","type":"product","link":"https:\/\/fivmagazine.de\/shop\/shop\/what-would-beyonce-do\/","title":{"rendered":"What Would Beyonc\u00e9 Do | Shirt | Men | Baumwolle"},"content":{"rendered":"<p>Das aus 100 % Baumwolle hergestellte klassische Herren-T-Shirt sorgt f\u00fcr einen strukturierten Look. Es sitzt gut, bewahrt entlang der Seiten pr\u00e4zise Linien und eignet sich ideal f\u00fcr Lagenlooks. Und au\u00dferdem ist es gerade total angesagt! <br \/>\n\u2022 100 % Baumwolle<br \/>\n\u2022 Sport Grey ist aus 90 % Baumwolle, 10 % Polyester<br \/>\n\u2022 Ash Grey ist aus 99 % Baumwolle, 1 % Polyester<br \/>\n\u2022 Heather-Farben sind aus 50 % Baumwolle, 50 % Polyester<br \/>\n\u2022 Stoffgewicht: 170 &#8211; 180 g\/m\u00b2<br \/>\n\u2022 Rotorgarn<br \/>\n\u2022 Rundstrickware<br \/>\n\u2022 Nacken- und Schulterband<br \/>\n\u2022 Doppelnaht am \u00c4rmel- und Bundsaum<br \/>\n\u2022 Rohprodukt bezogen aus Honduras, Nicaragua, Haiti, der Dominikanischen Republik, Bangladesh und Mexiko<\/p>\n","protected":false},"excerpt":{"rendered":"<p>Das aus 100 % Baumwolle hergestellte klassische Herren-T-Shirt sorgt f\u00fcr einen strukturierten Look. Es sitzt gut, bewahrt entlang der Seiten pr\u00e4zise Linien und eignet sich ideal f\u00fcr Lagenlooks. Und au\u00dferdem ist es gerade total angesagt! \u2022 100 % Baumwolle \u2022 Sport Grey ist aus 90 % Baumwolle, 10 % Polyester \u2022 Ash Grey ist aus [&hellip;]<\/p>\n","protected":false},"featured_media":62,"comment_status":"open","ping_status":"closed","template":"","meta":[],"product_brand":[],"product_cat":[17,26,29],"product_tag":[],"class_list":{"0":"post-51","1":"product","2":"type-product","3":"status-publish","4":"has-post-thumbnail","6":"product_cat-kollektion","7":"product_cat-men","8":"product_cat-shirt","10":"first","11":"instock","12":"taxable","13":"shipping-taxable","14":"purchasable","15":"product-type-variable"},"yoast_head":"<!-- This site is optimized with the Yoast SEO plugin v27.3 - https:\/\/yoast.com\/product\/yoast-seo-wordpress\/ -->\n<title>What Would Beyonc\u00e9 Do | Shirt | Men | Baumwolle - FIV Shop<\/title>\n<meta name=\"robots\" content=\"index, follow, max-snippet:-1, max-image-preview:large, max-video-preview:-1\" \/>\n<link rel=\"canonical\" href=\"https:\/\/fivmagazine.de\/shop\/shop\/what-would-beyonce-do\/\" \/>\n<meta property=\"og:locale\" content=\"de_DE\" \/>\n<meta property=\"og:type\" content=\"article\" \/>\n<meta property=\"og:title\" content=\"What Would Beyonc\u00e9 Do | Shirt | Men | Baumwolle - FIV Shop\" \/>\n<meta property=\"og:description\" content=\"Das aus 100 % Baumwolle hergestellte klassische Herren-T-Shirt sorgt f\u00fcr einen strukturierten Look. Es sitzt gut, bewahrt entlang der Seiten pr\u00e4zise Linien und eignet sich ideal f\u00fcr Lagenlooks. Und au\u00dferdem ist es gerade total angesagt! \u2022 100 % Baumwolle \u2022 Sport Grey ist aus 90 % Baumwolle, 10 % Polyester \u2022 Ash Grey ist aus [&hellip;]\" \/>\n<meta property=\"og:url\" content=\"https:\/\/fivmagazine.de\/shop\/shop\/what-would-beyonce-do\/\" \/>\n<meta property=\"og:site_name\" content=\"FIV Shop\" \/>\n<meta property=\"article:modified_time\" content=\"2023-11-28T17:08:02+00:00\" \/>\n<meta property=\"og:image\" content=\"https:\/\/fivmagazine.com\/shop\/wp-content\/uploads\/2023\/11\/mens-classic-tee-white-front-65660f6254608.jpg\" \/>\n\t<meta property=\"og:image:width\" content=\"2000\" \/>\n\t<meta property=\"og:image:height\" content=\"2000\" \/>\n\t<meta property=\"og:image:type\" content=\"image\/jpeg\" \/>\n<meta name=\"twitter:card\" content=\"summary_large_image\" \/>\n<script type=\"application\/ld+json\" class=\"yoast-schema-graph\">{\"@context\":\"https:\\\/\\\/schema.org\",\"@graph\":[{\"@type\":\"WebPage\",\"@id\":\"https:\\\/\\\/fivmagazine.de\\\/shop\\\/shop\\\/what-would-beyonce-do\\\/\",\"url\":\"https:\\\/\\\/fivmagazine.de\\\/shop\\\/shop\\\/what-would-beyonce-do\\\/\",\"name\":\"What Would Beyonc\u00e9 Do | Shirt | Men | Baumwolle - FIV Shop\",\"isPartOf\":{\"@id\":\"https:\\\/\\\/fivmagazine.de\\\/shop\\\/#website\"},\"primaryImageOfPage\":{\"@id\":\"https:\\\/\\\/fivmagazine.de\\\/shop\\\/shop\\\/what-would-beyonce-do\\\/#primaryimage\"},\"image\":{\"@id\":\"https:\\\/\\\/fivmagazine.de\\\/shop\\\/shop\\\/what-would-beyonce-do\\\/#primaryimage\"},\"thumbnailUrl\":\"https:\\\/\\\/fivmagazine.com\\\/shop\\\/wp-content\\\/uploads\\\/2023\\\/11\\\/mens-classic-tee-white-front-65660f6254608.jpg\",\"datePublished\":\"2023-11-28T16:03:58+00:00\",\"dateModified\":\"2023-11-28T17:08:02+00:00\",\"breadcrumb\":{\"@id\":\"https:\\\/\\\/fivmagazine.de\\\/shop\\\/shop\\\/what-would-beyonce-do\\\/#breadcrumb\"},\"inLanguage\":\"de\",\"potentialAction\":[{\"@type\":\"ReadAction\",\"target\":[\"https:\\\/\\\/fivmagazine.de\\\/shop\\\/shop\\\/what-would-beyonce-do\\\/\"]}]},{\"@type\":\"ImageObject\",\"inLanguage\":\"de\",\"@id\":\"https:\\\/\\\/fivmagazine.de\\\/shop\\\/shop\\\/what-would-beyonce-do\\\/#primaryimage\",\"url\":\"https:\\\/\\\/fivmagazine.com\\\/shop\\\/wp-content\\\/uploads\\\/2023\\\/11\\\/mens-classic-tee-white-front-65660f6254608.jpg\",\"contentUrl\":\"https:\\\/\\\/fivmagazine.com\\\/shop\\\/wp-content\\\/uploads\\\/2023\\\/11\\\/mens-classic-tee-white-front-65660f6254608.jpg\",\"width\":2000,\"height\":2000},{\"@type\":\"BreadcrumbList\",\"@id\":\"https:\\\/\\\/fivmagazine.de\\\/shop\\\/shop\\\/what-would-beyonce-do\\\/#breadcrumb\",\"itemListElement\":[{\"@type\":\"ListItem\",\"position\":1,\"name\":\"Startseite\",\"item\":\"https:\\\/\\\/fivmagazine.de\\\/shop\\\/\"},{\"@type\":\"ListItem\",\"position\":2,\"name\":\"Shop\",\"item\":\"https:\\\/\\\/fivmagazine.de\\\/shop\\\/shop\\\/\"},{\"@type\":\"ListItem\",\"position\":3,\"name\":\"What Would Beyonc\u00e9 Do | Shirt | Men | Baumwolle\"}]},{\"@type\":\"WebSite\",\"@id\":\"https:\\\/\\\/fivmagazine.de\\\/shop\\\/#website\",\"url\":\"https:\\\/\\\/fivmagazine.de\\\/shop\\\/\",\"name\":\"FIV Shop\",\"description\":\"\",\"potentialAction\":[{\"@type\":\"SearchAction\",\"target\":{\"@type\":\"EntryPoint\",\"urlTemplate\":\"https:\\\/\\\/fivmagazine.de\\\/shop\\\/?s={search_term_string}\"},\"query-input\":{\"@type\":\"PropertyValueSpecification\",\"valueRequired\":true,\"valueName\":\"search_term_string\"}}],\"inLanguage\":\"de\"}]}<\/script>\n<!-- \/ Yoast SEO plugin. -->","yoast_head_json":{"title":"What Would Beyonc\u00e9 Do | Shirt | Men | Baumwolle - FIV Shop","robots":{"index":"index","follow":"follow","max-snippet":"max-snippet:-1","max-image-preview":"max-image-preview:large","max-video-preview":"max-video-preview:-1"},"canonical":"https:\/\/fivmagazine.de\/shop\/shop\/what-would-beyonce-do\/","og_locale":"de_DE","og_type":"article","og_title":"What Would Beyonc\u00e9 Do | Shirt | Men | Baumwolle - FIV Shop","og_description":"Das aus 100 % Baumwolle hergestellte klassische Herren-T-Shirt sorgt f\u00fcr einen strukturierten Look. Es sitzt gut, bewahrt entlang der Seiten pr\u00e4zise Linien und eignet sich ideal f\u00fcr Lagenlooks. Und au\u00dferdem ist es gerade total angesagt! \u2022 100 % Baumwolle \u2022 Sport Grey ist aus 90 % Baumwolle, 10 % Polyester \u2022 Ash Grey ist aus [&hellip;]","og_url":"https:\/\/fivmagazine.de\/shop\/shop\/what-would-beyonce-do\/","og_site_name":"FIV Shop","article_modified_time":"2023-11-28T17:08:02+00:00","og_image":[{"width":2000,"height":2000,"url":"https:\/\/fivmagazine.com\/shop\/wp-content\/uploads\/2023\/11\/mens-classic-tee-white-front-65660f6254608.jpg","type":"image\/jpeg"}],"twitter_card":"summary_large_image","schema":{"@context":"https:\/\/schema.org","@graph":[{"@type":"WebPage","@id":"https:\/\/fivmagazine.de\/shop\/shop\/what-would-beyonce-do\/","url":"https:\/\/fivmagazine.de\/shop\/shop\/what-would-beyonce-do\/","name":"What Would Beyonc\u00e9 Do | Shirt | Men | Baumwolle - FIV Shop","isPartOf":{"@id":"https:\/\/fivmagazine.de\/shop\/#website"},"primaryImageOfPage":{"@id":"https:\/\/fivmagazine.de\/shop\/shop\/what-would-beyonce-do\/#primaryimage"},"image":{"@id":"https:\/\/fivmagazine.de\/shop\/shop\/what-would-beyonce-do\/#primaryimage"},"thumbnailUrl":"https:\/\/fivmagazine.com\/shop\/wp-content\/uploads\/2023\/11\/mens-classic-tee-white-front-65660f6254608.jpg","datePublished":"2023-11-28T16:03:58+00:00","dateModified":"2023-11-28T17:08:02+00:00","breadcrumb":{"@id":"https:\/\/fivmagazine.de\/shop\/shop\/what-would-beyonce-do\/#breadcrumb"},"inLanguage":"de","potentialAction":[{"@type":"ReadAction","target":["https:\/\/fivmagazine.de\/shop\/shop\/what-would-beyonce-do\/"]}]},{"@type":"ImageObject","inLanguage":"de","@id":"https:\/\/fivmagazine.de\/shop\/shop\/what-would-beyonce-do\/#primaryimage","url":"https:\/\/fivmagazine.com\/shop\/wp-content\/uploads\/2023\/11\/mens-classic-tee-white-front-65660f6254608.jpg","contentUrl":"https:\/\/fivmagazine.com\/shop\/wp-content\/uploads\/2023\/11\/mens-classic-tee-white-front-65660f6254608.jpg","width":2000,"height":2000},{"@type":"BreadcrumbList","@id":"https:\/\/fivmagazine.de\/shop\/shop\/what-would-beyonce-do\/#breadcrumb","itemListElement":[{"@type":"ListItem","position":1,"name":"Startseite","item":"https:\/\/fivmagazine.de\/shop\/"},{"@type":"ListItem","position":2,"name":"Shop","item":"https:\/\/fivmagazine.de\/shop\/shop\/"},{"@type":"ListItem","position":3,"name":"What Would Beyonc\u00e9 Do | Shirt | Men | Baumwolle"}]},{"@type":"WebSite","@id":"https:\/\/fivmagazine.de\/shop\/#website","url":"https:\/\/fivmagazine.de\/shop\/","name":"FIV Shop","description":"","potentialAction":[{"@type":"SearchAction","target":{"@type":"EntryPoint","urlTemplate":"https:\/\/fivmagazine.de\/shop\/?s={search_term_string}"},"query-input":{"@type":"PropertyValueSpecification","valueRequired":true,"valueName":"search_term_string"}}],"inLanguage":"de"}]}},"_links":{"self":[{"href":"https:\/\/fivmagazine.de\/shop\/wp-json\/wp\/v2\/product\/51","targetHints":{"allow":["GET"]}}],"collection":[{"href":"https:\/\/fivmagazine.de\/shop\/wp-json\/wp\/v2\/product"}],"about":[{"href":"https:\/\/fivmagazine.de\/shop\/wp-json\/wp\/v2\/types\/product"}],"replies":[{"embeddable":true,"href":"https:\/\/fivmagazine.de\/shop\/wp-json\/wp\/v2\/comments?post=51"}],"wp:featuredmedia":[{"embeddable":true,"href":"https:\/\/fivmagazine.de\/shop\/wp-json\/wp\/v2\/media\/62"}],"wp:attachment":[{"href":"https:\/\/fivmagazine.de\/shop\/wp-json\/wp\/v2\/media?parent=51"}],"wp:term":[{"taxonomy":"product_brand","embeddable":true,"href":"https:\/\/fivmagazine.de\/shop\/wp-json\/wp\/v2\/product_brand?post=51"},{"taxonomy":"product_cat","embeddable":true,"href":"https:\/\/fivmagazine.de\/shop\/wp-json\/wp\/v2\/product_cat?post=51"},{"taxonomy":"product_tag","embeddable":true,"href":"https:\/\/fivmagazine.de\/shop\/wp-json\/wp\/v2\/product_tag?post=51"}],"curies":[{"name":"wp","href":"https:\/\/api.w.org\/{rel}","templated":true}]}}