{"id":71,"date":"2023-11-28T18:00:39","date_gmt":"2023-11-28T17:00:39","guid":{"rendered":"https:\/\/fivmagazine.com\/shop\/shop\/what-would-beyonce-do-unisex-bio-baumwolle\/"},"modified":"2023-11-28T18:07:34","modified_gmt":"2023-11-28T17:07:34","slug":"what-would-beyonce-do-unisex-bio-baumwolle","status":"publish","type":"product","link":"https:\/\/fivmagazine.de\/shop\/shop\/what-would-beyonce-do-unisex-bio-baumwolle\/","title":{"rendered":"What Would Beyonc\u00e9 Do | Shirt | Unisex | Bio-Baumwolle"},"content":{"rendered":"<p>Dieses Unisex-T-Shirt aus 100 % ringgesponnener Bio-Baumwolle ist ein absolutes Muss. Es ist hochwertig, super bequem und das Beste von allem \u2013 umweltfreundlich. <\/p>\n<p> \u2022 100 % ringgesponnene Bio-Baumwolle <br \/>\n \u2022 Stoffgewicht: 180 g\/m\u00b2 (5,3 oz.\/yd.\u00b2) <br \/>\n \u2022 Single-Jersey <br \/>\n \u2022 Mittlere Passform <br \/>\n \u2022 Eingestellte \u00c4rmel <br \/>\n \u2022 1 \u00d7 1 Rippung am Kragen <br \/>\n \u2022 Breite Doppeln\u00e4hte an \u00c4rmeln und unteren S\u00e4umen <br \/>\n \u2022 Selbstgewebtes Nackenband (innen, Nackenr\u00fcckseite) <br \/>\n \u2022 Rohprodukt aus Bangladesch <\/p>\n<p> Die Gr\u00f6\u00dfen entsprechen einer kleineren Gr\u00f6\u00dfe auf dem US-Markt, daher sollten US-Kunden eine Nummer gr\u00f6\u00dfer bestellen.<\/p>\n","protected":false},"excerpt":{"rendered":"<p>Dieses Unisex-T-Shirt aus 100 % ringgesponnener Bio-Baumwolle ist ein absolutes Muss. Es ist hochwertig, super bequem und das Beste von allem \u2013 umweltfreundlich. \u2022 100 % ringgesponnene Bio-Baumwolle \u2022 Stoffgewicht: 180 g\/m\u00b2 (5,3 oz.\/yd.\u00b2) \u2022 Single-Jersey \u2022 Mittlere Passform \u2022 Eingestellte \u00c4rmel \u2022 1 \u00d7 1 Rippung am Kragen \u2022 Breite Doppeln\u00e4hte an \u00c4rmeln und [&hellip;]<\/p>\n","protected":false},"featured_media":82,"comment_status":"open","ping_status":"closed","template":"","meta":[],"product_brand":[],"product_cat":[17,26,29,28,27],"product_tag":[],"class_list":{"0":"post-71","1":"product","2":"type-product","3":"status-publish","4":"has-post-thumbnail","6":"product_cat-kollektion","7":"product_cat-men","8":"product_cat-shirt","9":"product_cat-unisex","10":"product_cat-women","12":"first","13":"instock","14":"taxable","15":"shipping-taxable","16":"purchasable","17":"product-type-variable"},"yoast_head":"<!-- This site is optimized with the Yoast SEO plugin v27.3 - https:\/\/yoast.com\/product\/yoast-seo-wordpress\/ -->\n<title>What Would Beyonc\u00e9 Do | Shirt | Unisex | Bio-Baumwolle - FIV Shop<\/title>\n<meta name=\"robots\" content=\"index, follow, max-snippet:-1, max-image-preview:large, max-video-preview:-1\" \/>\n<link rel=\"canonical\" href=\"https:\/\/fivmagazine.de\/shop\/shop\/what-would-beyonce-do-unisex-bio-baumwolle\/\" \/>\n<meta property=\"og:locale\" content=\"de_DE\" \/>\n<meta property=\"og:type\" content=\"article\" \/>\n<meta property=\"og:title\" content=\"What Would Beyonc\u00e9 Do | Shirt | Unisex | Bio-Baumwolle - FIV Shop\" \/>\n<meta property=\"og:description\" content=\"Dieses Unisex-T-Shirt aus 100 % ringgesponnener Bio-Baumwolle ist ein absolutes Muss. Es ist hochwertig, super bequem und das Beste von allem \u2013 umweltfreundlich. \u2022 100 % ringgesponnene Bio-Baumwolle \u2022 Stoffgewicht: 180 g\/m\u00b2 (5,3 oz.\/yd.\u00b2) \u2022 Single-Jersey \u2022 Mittlere Passform \u2022 Eingestellte \u00c4rmel \u2022 1 \u00d7 1 Rippung am Kragen \u2022 Breite Doppeln\u00e4hte an \u00c4rmeln und [&hellip;]\" \/>\n<meta property=\"og:url\" content=\"https:\/\/fivmagazine.de\/shop\/shop\/what-would-beyonce-do-unisex-bio-baumwolle\/\" \/>\n<meta property=\"og:site_name\" content=\"FIV Shop\" \/>\n<meta property=\"article:modified_time\" content=\"2023-11-28T17:07:34+00:00\" \/>\n<meta property=\"og:image\" content=\"https:\/\/fivmagazine.com\/shop\/wp-content\/uploads\/2023\/11\/unisex-organic-cotton-t-shirt-white-front-65661cada4747.jpg\" \/>\n\t<meta property=\"og:image:width\" content=\"2000\" \/>\n\t<meta property=\"og:image:height\" content=\"2000\" \/>\n\t<meta property=\"og:image:type\" content=\"image\/jpeg\" \/>\n<meta name=\"twitter:card\" content=\"summary_large_image\" \/>\n<script type=\"application\/ld+json\" class=\"yoast-schema-graph\">{\"@context\":\"https:\\\/\\\/schema.org\",\"@graph\":[{\"@type\":\"WebPage\",\"@id\":\"https:\\\/\\\/fivmagazine.de\\\/shop\\\/shop\\\/what-would-beyonce-do-unisex-bio-baumwolle\\\/\",\"url\":\"https:\\\/\\\/fivmagazine.de\\\/shop\\\/shop\\\/what-would-beyonce-do-unisex-bio-baumwolle\\\/\",\"name\":\"What Would Beyonc\u00e9 Do | Shirt | Unisex | Bio-Baumwolle - FIV Shop\",\"isPartOf\":{\"@id\":\"https:\\\/\\\/fivmagazine.de\\\/shop\\\/#website\"},\"primaryImageOfPage\":{\"@id\":\"https:\\\/\\\/fivmagazine.de\\\/shop\\\/shop\\\/what-would-beyonce-do-unisex-bio-baumwolle\\\/#primaryimage\"},\"image\":{\"@id\":\"https:\\\/\\\/fivmagazine.de\\\/shop\\\/shop\\\/what-would-beyonce-do-unisex-bio-baumwolle\\\/#primaryimage\"},\"thumbnailUrl\":\"https:\\\/\\\/fivmagazine.com\\\/shop\\\/wp-content\\\/uploads\\\/2023\\\/11\\\/unisex-organic-cotton-t-shirt-white-front-65661cada4747.jpg\",\"datePublished\":\"2023-11-28T17:00:39+00:00\",\"dateModified\":\"2023-11-28T17:07:34+00:00\",\"breadcrumb\":{\"@id\":\"https:\\\/\\\/fivmagazine.de\\\/shop\\\/shop\\\/what-would-beyonce-do-unisex-bio-baumwolle\\\/#breadcrumb\"},\"inLanguage\":\"de\",\"potentialAction\":[{\"@type\":\"ReadAction\",\"target\":[\"https:\\\/\\\/fivmagazine.de\\\/shop\\\/shop\\\/what-would-beyonce-do-unisex-bio-baumwolle\\\/\"]}]},{\"@type\":\"ImageObject\",\"inLanguage\":\"de\",\"@id\":\"https:\\\/\\\/fivmagazine.de\\\/shop\\\/shop\\\/what-would-beyonce-do-unisex-bio-baumwolle\\\/#primaryimage\",\"url\":\"https:\\\/\\\/fivmagazine.com\\\/shop\\\/wp-content\\\/uploads\\\/2023\\\/11\\\/unisex-organic-cotton-t-shirt-white-front-65661cada4747.jpg\",\"contentUrl\":\"https:\\\/\\\/fivmagazine.com\\\/shop\\\/wp-content\\\/uploads\\\/2023\\\/11\\\/unisex-organic-cotton-t-shirt-white-front-65661cada4747.jpg\",\"width\":2000,\"height\":2000},{\"@type\":\"BreadcrumbList\",\"@id\":\"https:\\\/\\\/fivmagazine.de\\\/shop\\\/shop\\\/what-would-beyonce-do-unisex-bio-baumwolle\\\/#breadcrumb\",\"itemListElement\":[{\"@type\":\"ListItem\",\"position\":1,\"name\":\"Startseite\",\"item\":\"https:\\\/\\\/fivmagazine.de\\\/shop\\\/\"},{\"@type\":\"ListItem\",\"position\":2,\"name\":\"Shop\",\"item\":\"https:\\\/\\\/fivmagazine.de\\\/shop\\\/shop\\\/\"},{\"@type\":\"ListItem\",\"position\":3,\"name\":\"What Would Beyonc\u00e9 Do | Shirt | Unisex | Bio-Baumwolle\"}]},{\"@type\":\"WebSite\",\"@id\":\"https:\\\/\\\/fivmagazine.de\\\/shop\\\/#website\",\"url\":\"https:\\\/\\\/fivmagazine.de\\\/shop\\\/\",\"name\":\"FIV Shop\",\"description\":\"\",\"potentialAction\":[{\"@type\":\"SearchAction\",\"target\":{\"@type\":\"EntryPoint\",\"urlTemplate\":\"https:\\\/\\\/fivmagazine.de\\\/shop\\\/?s={search_term_string}\"},\"query-input\":{\"@type\":\"PropertyValueSpecification\",\"valueRequired\":true,\"valueName\":\"search_term_string\"}}],\"inLanguage\":\"de\"}]}<\/script>\n<!-- \/ Yoast SEO plugin. -->","yoast_head_json":{"title":"What Would Beyonc\u00e9 Do | Shirt | Unisex | Bio-Baumwolle - FIV Shop","robots":{"index":"index","follow":"follow","max-snippet":"max-snippet:-1","max-image-preview":"max-image-preview:large","max-video-preview":"max-video-preview:-1"},"canonical":"https:\/\/fivmagazine.de\/shop\/shop\/what-would-beyonce-do-unisex-bio-baumwolle\/","og_locale":"de_DE","og_type":"article","og_title":"What Would Beyonc\u00e9 Do | Shirt | Unisex | Bio-Baumwolle - FIV Shop","og_description":"Dieses Unisex-T-Shirt aus 100 % ringgesponnener Bio-Baumwolle ist ein absolutes Muss. Es ist hochwertig, super bequem und das Beste von allem \u2013 umweltfreundlich. \u2022 100 % ringgesponnene Bio-Baumwolle \u2022 Stoffgewicht: 180 g\/m\u00b2 (5,3 oz.\/yd.\u00b2) \u2022 Single-Jersey \u2022 Mittlere Passform \u2022 Eingestellte \u00c4rmel \u2022 1 \u00d7 1 Rippung am Kragen \u2022 Breite Doppeln\u00e4hte an \u00c4rmeln und [&hellip;]","og_url":"https:\/\/fivmagazine.de\/shop\/shop\/what-would-beyonce-do-unisex-bio-baumwolle\/","og_site_name":"FIV Shop","article_modified_time":"2023-11-28T17:07:34+00:00","og_image":[{"width":2000,"height":2000,"url":"https:\/\/fivmagazine.com\/shop\/wp-content\/uploads\/2023\/11\/unisex-organic-cotton-t-shirt-white-front-65661cada4747.jpg","type":"image\/jpeg"}],"twitter_card":"summary_large_image","schema":{"@context":"https:\/\/schema.org","@graph":[{"@type":"WebPage","@id":"https:\/\/fivmagazine.de\/shop\/shop\/what-would-beyonce-do-unisex-bio-baumwolle\/","url":"https:\/\/fivmagazine.de\/shop\/shop\/what-would-beyonce-do-unisex-bio-baumwolle\/","name":"What Would Beyonc\u00e9 Do | Shirt | Unisex | Bio-Baumwolle - FIV Shop","isPartOf":{"@id":"https:\/\/fivmagazine.de\/shop\/#website"},"primaryImageOfPage":{"@id":"https:\/\/fivmagazine.de\/shop\/shop\/what-would-beyonce-do-unisex-bio-baumwolle\/#primaryimage"},"image":{"@id":"https:\/\/fivmagazine.de\/shop\/shop\/what-would-beyonce-do-unisex-bio-baumwolle\/#primaryimage"},"thumbnailUrl":"https:\/\/fivmagazine.com\/shop\/wp-content\/uploads\/2023\/11\/unisex-organic-cotton-t-shirt-white-front-65661cada4747.jpg","datePublished":"2023-11-28T17:00:39+00:00","dateModified":"2023-11-28T17:07:34+00:00","breadcrumb":{"@id":"https:\/\/fivmagazine.de\/shop\/shop\/what-would-beyonce-do-unisex-bio-baumwolle\/#breadcrumb"},"inLanguage":"de","potentialAction":[{"@type":"ReadAction","target":["https:\/\/fivmagazine.de\/shop\/shop\/what-would-beyonce-do-unisex-bio-baumwolle\/"]}]},{"@type":"ImageObject","inLanguage":"de","@id":"https:\/\/fivmagazine.de\/shop\/shop\/what-would-beyonce-do-unisex-bio-baumwolle\/#primaryimage","url":"https:\/\/fivmagazine.com\/shop\/wp-content\/uploads\/2023\/11\/unisex-organic-cotton-t-shirt-white-front-65661cada4747.jpg","contentUrl":"https:\/\/fivmagazine.com\/shop\/wp-content\/uploads\/2023\/11\/unisex-organic-cotton-t-shirt-white-front-65661cada4747.jpg","width":2000,"height":2000},{"@type":"BreadcrumbList","@id":"https:\/\/fivmagazine.de\/shop\/shop\/what-would-beyonce-do-unisex-bio-baumwolle\/#breadcrumb","itemListElement":[{"@type":"ListItem","position":1,"name":"Startseite","item":"https:\/\/fivmagazine.de\/shop\/"},{"@type":"ListItem","position":2,"name":"Shop","item":"https:\/\/fivmagazine.de\/shop\/shop\/"},{"@type":"ListItem","position":3,"name":"What Would Beyonc\u00e9 Do | Shirt | Unisex | Bio-Baumwolle"}]},{"@type":"WebSite","@id":"https:\/\/fivmagazine.de\/shop\/#website","url":"https:\/\/fivmagazine.de\/shop\/","name":"FIV Shop","description":"","potentialAction":[{"@type":"SearchAction","target":{"@type":"EntryPoint","urlTemplate":"https:\/\/fivmagazine.de\/shop\/?s={search_term_string}"},"query-input":{"@type":"PropertyValueSpecification","valueRequired":true,"valueName":"search_term_string"}}],"inLanguage":"de"}]}},"_links":{"self":[{"href":"https:\/\/fivmagazine.de\/shop\/wp-json\/wp\/v2\/product\/71","targetHints":{"allow":["GET"]}}],"collection":[{"href":"https:\/\/fivmagazine.de\/shop\/wp-json\/wp\/v2\/product"}],"about":[{"href":"https:\/\/fivmagazine.de\/shop\/wp-json\/wp\/v2\/types\/product"}],"replies":[{"embeddable":true,"href":"https:\/\/fivmagazine.de\/shop\/wp-json\/wp\/v2\/comments?post=71"}],"wp:featuredmedia":[{"embeddable":true,"href":"https:\/\/fivmagazine.de\/shop\/wp-json\/wp\/v2\/media\/82"}],"wp:attachment":[{"href":"https:\/\/fivmagazine.de\/shop\/wp-json\/wp\/v2\/media?parent=71"}],"wp:term":[{"taxonomy":"product_brand","embeddable":true,"href":"https:\/\/fivmagazine.de\/shop\/wp-json\/wp\/v2\/product_brand?post=71"},{"taxonomy":"product_cat","embeddable":true,"href":"https:\/\/fivmagazine.de\/shop\/wp-json\/wp\/v2\/product_cat?post=71"},{"taxonomy":"product_tag","embeddable":true,"href":"https:\/\/fivmagazine.de\/shop\/wp-json\/wp\/v2\/product_tag?post=71"}],"curies":[{"name":"wp","href":"https:\/\/api.w.org\/{rel}","templated":true}]}}